{"id":7024,"date":"2016-12-21T12:10:43","date_gmt":"2016-12-21T11:10:43","guid":{"rendered":"https:\/\/immobilier-maroc-villart.com\/?page_id=7024&#038;lang=es"},"modified":"2017-01-16T11:28:58","modified_gmt":"2017-01-16T10:28:58","slug":"vendre","status":"publish","type":"page","link":"https:\/\/immobilier-maroc-villart.com\/es\/vendre\/","title":{"rendered":"Vender"},"content":{"rendered":"<p>Usted tiene una propiedad en venta en Marruecos? Apartamento en T\u00e1nger o en su \u00e1rea, villa, tierra u otro? Villart Immo equipo se mueve para asegurar estimaci\u00f3n r\u00e1pida y precisa de su propiedad y le acompa\u00f1ar\u00e1 a lo largo de sus esfuerzos para vender su propiedad segura al mejor precio!<\/p>\n<p>Hacer la venta de su propiedad con confianza y llevarlo a un equipo de profesionales que le asesorar\u00e1. <a href=\"https:\/\/immobilier-maroc-villart.com\/?page_id=52\">P\u00f3ngase en contacto con nosotros<\/a> ahora!<\/p>\n<!-- AddThis Advanced Settings generic via filter on the_content --><!-- AddThis Share Buttons generic via filter on the_content -->","protected":false},"excerpt":{"rendered":"<p>Usted tiene una propiedad en venta en Marruecos? Apartamento en T\u00e1nger o en su \u00e1rea, villa, tierra u otro? Villart Immo equipo se mueve para asegurar estimaci\u00f3n r\u00e1pida y precisa de su propiedad y le acompa\u00f1ar\u00e1 a lo largo de sus esfuerzos para vender su propiedad segura al mejor precio! Hacer la venta de su [&hellip;]<!-- AddThis Advanced Settings generic via filter on get_the_excerpt --><!-- AddThis Share Buttons generic via filter on get_the_excerpt --><\/p>\n","protected":false},"author":12,"featured_media":0,"parent":0,"menu_order":0,"comment_status":"closed","ping_status":"closed","template":"","meta":[],"yoast_head":"<!-- This site is optimized with the Yoast SEO plugin v15.5 - https:\/\/yoast.com\/wordpress\/plugins\/seo\/ -->\n<meta name=\"robots\" content=\"index, follow, max-snippet:-1, max-image-preview:large, max-video-preview:-1\" \/>\n<link rel=\"canonical\" href=\"https:\/\/immobilier-maroc-villart.com\/es\/vendre\/\" \/>\n<meta property=\"og:locale\" content=\"es_ES\" \/>\n<meta property=\"og:type\" content=\"article\" \/>\n<meta property=\"og:title\" content=\"Vender | Villart\" \/>\n<meta property=\"og:description\" content=\"Usted tiene una propiedad en venta en Marruecos? Apartamento en T\u00e1nger o en su \u00e1rea, villa, tierra u otro? Villart Immo equipo se mueve para asegurar estimaci\u00f3n r\u00e1pida y precisa de su propiedad y le acompa\u00f1ar\u00e1 a lo largo de sus esfuerzos para vender su propiedad segura al mejor precio! Hacer la venta de su [&hellip;]\" \/>\n<meta property=\"og:url\" content=\"https:\/\/immobilier-maroc-villart.com\/es\/vendre\/\" \/>\n<meta property=\"og:site_name\" content=\"Villart\" \/>\n<meta property=\"article:modified_time\" content=\"2017-01-16T10:28:58+00:00\" \/>\n<meta name=\"twitter:card\" content=\"summary\" \/>\n<meta name=\"twitter:label1\" content=\"Tiempo de lectura\">\n\t<meta name=\"twitter:data1\" content=\"0 minutes\">\n<script type=\"application\/ld+json\" class=\"yoast-schema-graph\">{\"@context\":\"https:\/\/schema.org\",\"@graph\":[{\"@type\":\"WebSite\",\"@id\":\"https:\/\/immobilier-maroc-villart.com\/#website\",\"url\":\"https:\/\/immobilier-maroc-villart.com\/\",\"name\":\"Villart\",\"description\":\"Un site utilisant WordPress\",\"potentialAction\":[{\"@type\":\"SearchAction\",\"target\":\"https:\/\/immobilier-maroc-villart.com\/?s={search_term_string}\",\"query-input\":\"required name=search_term_string\"}],\"inLanguage\":\"es-ES\"},{\"@type\":\"WebPage\",\"@id\":\"https:\/\/immobilier-maroc-villart.com\/es\/vendre\/#webpage\",\"url\":\"https:\/\/immobilier-maroc-villart.com\/es\/vendre\/\",\"name\":\"Vender | Villart\",\"isPartOf\":{\"@id\":\"https:\/\/immobilier-maroc-villart.com\/#website\"},\"datePublished\":\"2016-12-21T11:10:43+00:00\",\"dateModified\":\"2017-01-16T10:28:58+00:00\",\"inLanguage\":\"es-ES\",\"potentialAction\":[{\"@type\":\"ReadAction\",\"target\":[\"https:\/\/immobilier-maroc-villart.com\/es\/vendre\/\"]}]}]}<\/script>\n<!-- \/ Yoast SEO plugin. -->","_links":{"self":[{"href":"https:\/\/immobilier-maroc-villart.com\/es\/wp-json\/wp\/v2\/pages\/7024"}],"collection":[{"href":"https:\/\/immobilier-maroc-villart.com\/es\/wp-json\/wp\/v2\/pages"}],"about":[{"href":"https:\/\/immobilier-maroc-villart.com\/es\/wp-json\/wp\/v2\/types\/page"}],"author":[{"embeddable":true,"href":"https:\/\/immobilier-maroc-villart.com\/es\/wp-json\/wp\/v2\/users\/12"}],"replies":[{"embeddable":true,"href":"https:\/\/immobilier-maroc-villart.com\/es\/wp-json\/wp\/v2\/comments?post=7024"}],"version-history":[{"count":5,"href":"https:\/\/immobilier-maroc-villart.com\/es\/wp-json\/wp\/v2\/pages\/7024\/revisions"}],"predecessor-version":[{"id":13973,"href":"https:\/\/immobilier-maroc-villart.com\/es\/wp-json\/wp\/v2\/pages\/7024\/revisions\/13973"}],"wp:attachment":[{"href":"https:\/\/immobilier-maroc-villart.com\/es\/wp-json\/wp\/v2\/media?parent=7024"}],"curies":[{"name":"wp","href":"https:\/\/api.w.org\/{rel}","templated":true}]}}