{"id":33073,"date":"2020-06-26T12:46:01","date_gmt":"2020-06-26T10:46:01","guid":{"rendered":"https:\/\/immobilier-maroc-villart.com\/nos-services\/"},"modified":"2024-05-09T18:23:56","modified_gmt":"2024-05-09T16:23:56","slug":"conserjeria","status":"publish","type":"page","link":"https:\/\/immobilier-maroc-villart.com\/es\/conserjeria\/","title":{"rendered":"Conserjer\u00eda"},"content":{"rendered":"\n<p>Nuestro servicio de conserjer\u00eda privada trabaja con particulares. Nuestro \u00e1mbito de intervenci\u00f3n es tan amplio como variada nuestra clientela. Ofrecemos asistencia personalizada, servicios ocasionales o servicios de lujo para nuestros clientes VIP. VillArt-Conciergerie est\u00e1 disponible para satisfacer sus solicitudes y hacerle la vida m\u00e1s f\u00e1cil.<\/p>\n<!-- AddThis Advanced Settings generic via filter on the_content --><!-- AddThis Share Buttons generic via filter on the_content -->","protected":false},"excerpt":{"rendered":"<p>Nuestro servicio de conserjer\u00eda privada trabaja con particulares. Nuestro \u00e1mbito de intervenci\u00f3n es tan amplio como variada nuestra clientela. Ofrecemos asistencia personalizada, servicios ocasionales o servicios de lujo para nuestros clientes VIP. VillArt-Conciergerie est\u00e1 disponible para satisfacer sus solicitudes y hacerle la vida m\u00e1s f\u00e1cil.<!-- AddThis Advanced Settings generic via filter on get_the_excerpt --><!-- AddThis Share Buttons generic via filter on get_the_excerpt --><\/p>\n","protected":false},"author":12,"featured_media":0,"parent":0,"menu_order":0,"comment_status":"closed","ping_status":"closed","template":"","meta":[],"yoast_head":"<!-- This site is optimized with the Yoast SEO plugin v15.5 - https:\/\/yoast.com\/wordpress\/plugins\/seo\/ -->\n<meta name=\"description\" content=\"Nuestro servicio de conserjer\u00eda privada trabaja con particulares. Nuestro \u00e1mbito de intervenci\u00f3n es tan amplio como variada nuestra clientela. Ofrecemos asistencia personalizada, servicios ocasionales o servicios de lujo para nuestros clientes VIP. VillArt-Conciergerie est\u00e1 disponible para satisfacer sus solicitudes y hacerle la vida m\u00e1s f\u00e1cil.\" \/>\n<meta name=\"robots\" content=\"index, follow, max-snippet:-1, max-image-preview:large, max-video-preview:-1\" \/>\n<link rel=\"canonical\" href=\"https:\/\/immobilier-maroc-villart.com\/es\/conserjeria\/\" \/>\n<meta property=\"og:locale\" content=\"es_ES\" \/>\n<meta property=\"og:type\" content=\"article\" \/>\n<meta property=\"og:title\" content=\"Conserjer\u00eda | Villart\" \/>\n<meta property=\"og:description\" content=\"Nuestro servicio de conserjer\u00eda privada trabaja con particulares. Nuestro \u00e1mbito de intervenci\u00f3n es tan amplio como variada nuestra clientela. Ofrecemos asistencia personalizada, servicios ocasionales o servicios de lujo para nuestros clientes VIP. VillArt-Conciergerie est\u00e1 disponible para satisfacer sus solicitudes y hacerle la vida m\u00e1s f\u00e1cil.\" \/>\n<meta property=\"og:url\" content=\"https:\/\/immobilier-maroc-villart.com\/es\/conserjeria\/\" \/>\n<meta property=\"og:site_name\" content=\"Villart\" \/>\n<meta property=\"article:modified_time\" content=\"2024-05-09T16:23:56+00:00\" \/>\n<meta name=\"twitter:card\" content=\"summary\" \/>\n<meta name=\"twitter:label1\" content=\"Tiempo de lectura\">\n\t<meta name=\"twitter:data1\" content=\"0 minutes\">\n<script type=\"application\/ld+json\" class=\"yoast-schema-graph\">{\"@context\":\"https:\/\/schema.org\",\"@graph\":[{\"@type\":\"WebSite\",\"@id\":\"https:\/\/immobilier-maroc-villart.com\/#website\",\"url\":\"https:\/\/immobilier-maroc-villart.com\/\",\"name\":\"Villart\",\"description\":\"Un site utilisant WordPress\",\"potentialAction\":[{\"@type\":\"SearchAction\",\"target\":\"https:\/\/immobilier-maroc-villart.com\/?s={search_term_string}\",\"query-input\":\"required name=search_term_string\"}],\"inLanguage\":\"es-ES\"},{\"@type\":\"WebPage\",\"@id\":\"https:\/\/immobilier-maroc-villart.com\/es\/conserjeria\/#webpage\",\"url\":\"https:\/\/immobilier-maroc-villart.com\/es\/conserjeria\/\",\"name\":\"Conserjer\\u00eda | Villart\",\"isPartOf\":{\"@id\":\"https:\/\/immobilier-maroc-villart.com\/#website\"},\"datePublished\":\"2020-06-26T10:46:01+00:00\",\"dateModified\":\"2024-05-09T16:23:56+00:00\",\"description\":\"Nuestro servicio de conserjer\\u00eda privada trabaja con particulares. Nuestro \\u00e1mbito de intervenci\\u00f3n es tan amplio como variada nuestra clientela. Ofrecemos asistencia personalizada, servicios ocasionales o servicios de lujo para nuestros clientes VIP. VillArt-Conciergerie est\\u00e1 disponible para satisfacer sus solicitudes y hacerle la vida m\\u00e1s f\\u00e1cil.\",\"inLanguage\":\"es-ES\",\"potentialAction\":[{\"@type\":\"ReadAction\",\"target\":[\"https:\/\/immobilier-maroc-villart.com\/es\/conserjeria\/\"]}]}]}<\/script>\n<!-- \/ Yoast SEO plugin. -->","_links":{"self":[{"href":"https:\/\/immobilier-maroc-villart.com\/es\/wp-json\/wp\/v2\/pages\/33073"}],"collection":[{"href":"https:\/\/immobilier-maroc-villart.com\/es\/wp-json\/wp\/v2\/pages"}],"about":[{"href":"https:\/\/immobilier-maroc-villart.com\/es\/wp-json\/wp\/v2\/types\/page"}],"author":[{"embeddable":true,"href":"https:\/\/immobilier-maroc-villart.com\/es\/wp-json\/wp\/v2\/users\/12"}],"replies":[{"embeddable":true,"href":"https:\/\/immobilier-maroc-villart.com\/es\/wp-json\/wp\/v2\/comments?post=33073"}],"version-history":[{"count":2,"href":"https:\/\/immobilier-maroc-villart.com\/es\/wp-json\/wp\/v2\/pages\/33073\/revisions"}],"predecessor-version":[{"id":41808,"href":"https:\/\/immobilier-maroc-villart.com\/es\/wp-json\/wp\/v2\/pages\/33073\/revisions\/41808"}],"wp:attachment":[{"href":"https:\/\/immobilier-maroc-villart.com\/es\/wp-json\/wp\/v2\/media?parent=33073"}],"curies":[{"name":"wp","href":"https:\/\/api.w.org\/{rel}","templated":true}]}}