{"id":11537,"date":"2017-01-05T11:24:49","date_gmt":"2017-01-05T10:24:49","guid":{"rendered":"https:\/\/immobilier-maroc-villart.com\/?page_id=11537&#038;lang=es"},"modified":"2017-10-05T15:39:04","modified_gmt":"2017-10-05T13:39:04","slug":"mentions-legales","status":"publish","type":"page","link":"https:\/\/immobilier-maroc-villart.com\/es\/mentions-legales\/","title":{"rendered":"Mentions l\u00e9gales"},"content":{"rendered":"<p>En vertu de la loi pour la confiance dans l\u2019\u00e9conomie num\u00e9rique, il est pr\u00e9cis\u00e9 aux utilisateurs du site www.immobilier-maroc-villart.com l\u2019identit\u00e9 des diff\u00e9rents intervenants dans le cadre de sa r\u00e9alisation et de son suivi :<\/p>\n<p>Propri\u00e9taire : VILLART NET SARL \u2013 Si\u00e8ge social : R\u00e9sidence Oprah, bureau n\u00b018 \u2013 Angle rue Lafayette\/ave de la R\u00e9sistance &#8211; 90000 Tanger<\/p>\n<p>Cr\u00e9ateur du site : Com en Sc\u00e8ne \u2013 www.comenscene.com \u2013 Si\u00e8ge social : 8 rue Al Farabi &#8211; 90000 Tanger \u2013 T\u00e9l\u00e9phone : +212 539 321 118<\/p>\n<p>Directeur de la publication : Herv\u00e9 Bichet \u2013 info@immobilier-maroc-villart.com<br \/>\nLe responsable de publication est une personne physique.<\/p>\n<p>Site h\u00e9berg\u00e9 par : <a href=\"http:\/\/www.1and1.fr\/?k_id=25037450\" target=\"_blank\" rel=\"noopener\">1 &amp; 1 Internet SARL<\/a><br \/>\nEmail : support@1and1.fr<\/p>\n<!-- AddThis Advanced Settings generic via filter on the_content --><!-- AddThis Share Buttons generic via filter on the_content -->","protected":false},"excerpt":{"rendered":"<p>En vertu de la loi pour la confiance dans l\u2019\u00e9conomie num\u00e9rique, il est pr\u00e9cis\u00e9 aux utilisateurs du site www.immobilier-maroc-villart.com l\u2019identit\u00e9 des diff\u00e9rents intervenants dans le cadre de sa r\u00e9alisation et de son suivi : Propri\u00e9taire : VILLART NET SARL \u2013 Si\u00e8ge social : R\u00e9sidence Oprah, bureau n\u00b018 \u2013 Angle rue Lafayette\/ave de la R\u00e9sistance &#8211; [&hellip;]<!-- AddThis Advanced Settings generic via filter on get_the_excerpt --><!-- AddThis Share Buttons generic via filter on get_the_excerpt --><\/p>\n","protected":false},"author":12,"featured_media":0,"parent":0,"menu_order":0,"comment_status":"closed","ping_status":"closed","template":"","meta":[],"yoast_head":"<!-- This site is optimized with the Yoast SEO plugin v15.5 - https:\/\/yoast.com\/wordpress\/plugins\/seo\/ -->\n<meta name=\"description\" content=\"D\u00e9couvrez les mentions l\u00e9gales et conditions d&#039;utilisation du site villart\u00a0: site immobilier pour l&#039;achat et la vente de biens immobiliers.\" \/>\n<meta name=\"robots\" content=\"index, follow, max-snippet:-1, max-image-preview:large, max-video-preview:-1\" \/>\n<link rel=\"canonical\" href=\"https:\/\/immobilier-maroc-villart.com\/es\/mentions-legales\/\" \/>\n<meta property=\"og:locale\" content=\"es_ES\" \/>\n<meta property=\"og:type\" content=\"article\" \/>\n<meta property=\"og:title\" content=\"Mentions l\u00e9gales - Acheter \u00e0 Tanger\" \/>\n<meta property=\"og:description\" content=\"D\u00e9couvrez les mentions l\u00e9gales et conditions d&#039;utilisation du site villart\u00a0: site immobilier pour l&#039;achat et la vente de biens immobiliers.\" \/>\n<meta property=\"og:url\" content=\"https:\/\/immobilier-maroc-villart.com\/es\/mentions-legales\/\" \/>\n<meta property=\"og:site_name\" content=\"Villart\" \/>\n<meta property=\"article:modified_time\" content=\"2017-10-05T13:39:04+00:00\" \/>\n<meta name=\"twitter:card\" content=\"summary\" \/>\n<meta name=\"twitter:label1\" content=\"Tiempo de lectura\">\n\t<meta name=\"twitter:data1\" content=\"0 minutes\">\n<script type=\"application\/ld+json\" class=\"yoast-schema-graph\">{\"@context\":\"https:\/\/schema.org\",\"@graph\":[{\"@type\":\"WebSite\",\"@id\":\"https:\/\/immobilier-maroc-villart.com\/#website\",\"url\":\"https:\/\/immobilier-maroc-villart.com\/\",\"name\":\"Villart\",\"description\":\"Un site utilisant WordPress\",\"potentialAction\":[{\"@type\":\"SearchAction\",\"target\":\"https:\/\/immobilier-maroc-villart.com\/?s={search_term_string}\",\"query-input\":\"required name=search_term_string\"}],\"inLanguage\":\"es-ES\"},{\"@type\":\"WebPage\",\"@id\":\"https:\/\/immobilier-maroc-villart.com\/es\/mentions-legales\/#webpage\",\"url\":\"https:\/\/immobilier-maroc-villart.com\/es\/mentions-legales\/\",\"name\":\"Mentions l\\u00e9gales - Acheter \\u00e0 Tanger\",\"isPartOf\":{\"@id\":\"https:\/\/immobilier-maroc-villart.com\/#website\"},\"datePublished\":\"2017-01-05T10:24:49+00:00\",\"dateModified\":\"2017-10-05T13:39:04+00:00\",\"description\":\"D\\u00e9couvrez les mentions l\\u00e9gales et conditions d'utilisation du site villart\\u00a0: site immobilier pour l'achat et la vente de biens immobiliers.\",\"inLanguage\":\"es-ES\",\"potentialAction\":[{\"@type\":\"ReadAction\",\"target\":[\"https:\/\/immobilier-maroc-villart.com\/es\/mentions-legales\/\"]}]}]}<\/script>\n<!-- \/ Yoast SEO plugin. -->","_links":{"self":[{"href":"https:\/\/immobilier-maroc-villart.com\/es\/wp-json\/wp\/v2\/pages\/11537"}],"collection":[{"href":"https:\/\/immobilier-maroc-villart.com\/es\/wp-json\/wp\/v2\/pages"}],"about":[{"href":"https:\/\/immobilier-maroc-villart.com\/es\/wp-json\/wp\/v2\/types\/page"}],"author":[{"embeddable":true,"href":"https:\/\/immobilier-maroc-villart.com\/es\/wp-json\/wp\/v2\/users\/12"}],"replies":[{"embeddable":true,"href":"https:\/\/immobilier-maroc-villart.com\/es\/wp-json\/wp\/v2\/comments?post=11537"}],"version-history":[{"count":3,"href":"https:\/\/immobilier-maroc-villart.com\/es\/wp-json\/wp\/v2\/pages\/11537\/revisions"}],"predecessor-version":[{"id":24605,"href":"https:\/\/immobilier-maroc-villart.com\/es\/wp-json\/wp\/v2\/pages\/11537\/revisions\/24605"}],"wp:attachment":[{"href":"https:\/\/immobilier-maroc-villart.com\/es\/wp-json\/wp\/v2\/media?parent=11537"}],"curies":[{"name":"wp","href":"https:\/\/api.w.org\/{rel}","templated":true}]}}