{"id":7027,"date":"2016-12-12T18:03:10","date_gmt":"2016-12-12T17:03:10","guid":{"rendered":"https:\/\/immobilier-maroc-villart.com\/?page_id=7027&#038;lang=en"},"modified":"2019-10-01T11:17:52","modified_gmt":"2019-10-01T09:17:52","slug":"contact","status":"publish","type":"page","link":"https:\/\/immobilier-maroc-villart.com\/en\/contact\/","title":{"rendered":"Contact"},"content":{"rendered":"<div role=\"form\" class=\"wpcf7\" id=\"wpcf7-f2431-o1\" lang=\"fr-FR\" dir=\"ltr\">\n<div class=\"screen-reader-response\"><p role=\"status\" aria-live=\"polite\" aria-atomic=\"true\"><\/p> <ul><\/ul><\/div>\n<form action=\"\/en\/wp-json\/wp\/v2\/pages\/7027#wpcf7-f2431-o1\" method=\"post\" class=\"wpcf7-form init\" novalidate=\"novalidate\" data-status=\"init\">\n<div style=\"display: none;\">\n<input type=\"hidden\" name=\"_wpcf7\" value=\"2431\" \/>\n<input type=\"hidden\" name=\"_wpcf7_version\" value=\"5.3.2\" \/>\n<input type=\"hidden\" name=\"_wpcf7_locale\" value=\"fr_FR\" \/>\n<input type=\"hidden\" name=\"_wpcf7_unit_tag\" value=\"wpcf7-f2431-o1\" \/>\n<input type=\"hidden\" name=\"_wpcf7_container_post\" value=\"0\" \/>\n<input type=\"hidden\" name=\"_wpcf7_posted_data_hash\" value=\"\" \/>\n<\/div>\n<p><span class=\"wpcf7-form-control-wrap nom\"><input type=\"text\" name=\"nom\" value=\"\" size=\"40\" class=\"wpcf7-form-control wpcf7-text wpcf7-validates-as-required\" aria-required=\"true\" aria-invalid=\"false\" placeholder=\"Nom\" \/><\/span><\/p>\n<p><span class=\"wpcf7-form-control-wrap prenom\"><input type=\"text\" name=\"prenom\" value=\"\" size=\"40\" class=\"wpcf7-form-control wpcf7-text wpcf7-validates-as-required\" aria-required=\"true\" aria-invalid=\"false\" placeholder=\"Pr\u00e9nom\" \/><\/span><\/p>\n<p><span class=\"wpcf7-form-control-wrap email\"><input type=\"email\" name=\"email\" value=\"\" size=\"40\" class=\"wpcf7-form-control wpcf7-text wpcf7-email wpcf7-validates-as-required wpcf7-validates-as-email\" aria-required=\"true\" aria-invalid=\"false\" placeholder=\"E-mail\" \/><\/span><\/p>\n<p><span class=\"wpcf7-form-control-wrap tel\"><input type=\"text\" name=\"tel\" value=\"\" size=\"40\" class=\"wpcf7-form-control wpcf7-text wpcf7-validates-as-required\" aria-required=\"true\" aria-invalid=\"false\" placeholder=\"T\u00e9l\u00e9phone\" \/><\/span><\/p>\n<p><span class=\"wpcf7-form-control-wrap tel\"><input type=\"text\" name=\"tel\" value=\"\" size=\"40\" class=\"wpcf7-form-control wpcf7-text wpcf7-validates-as-required\" aria-required=\"true\" aria-invalid=\"false\" placeholder=\"R\u00e9f\u00e9rence de la propri\u00e9t\u00e9\" \/><\/span><\/p>\n<p><span class=\"wpcf7-form-control-wrap message\"><textarea name=\"message\" cols=\"40\" rows=\"10\" class=\"wpcf7-form-control wpcf7-textarea wpcf7-validates-as-required\" aria-required=\"true\" aria-invalid=\"false\" placeholder=\"Message\"><\/textarea><\/span><\/p>\n<p><input type=\"submit\" value=\"Envoyer\" class=\"wpcf7-form-control wpcf7-submit\" \/><\/p>\n<div class=\"wpcf7-response-output\" aria-hidden=\"true\"><\/div><\/form><\/div>\n<!-- AddThis Advanced Settings generic via filter on the_content --><!-- AddThis Share Buttons generic via filter on the_content -->","protected":false},"excerpt":{"rendered":"<p><!-- AddThis Advanced Settings generic via filter on get_the_excerpt --><!-- AddThis Share Buttons generic via filter on get_the_excerpt --><\/p>\n","protected":false},"author":12,"featured_media":0,"parent":0,"menu_order":0,"comment_status":"closed","ping_status":"closed","template":"contact.php","meta":[],"yoast_head":"<!-- This site is optimized with the Yoast SEO plugin v15.5 - https:\/\/yoast.com\/wordpress\/plugins\/seo\/ -->\n<meta name=\"description\" content=\"Acheter \u00e0 Tanger - VillArt se tient \u00e0 votre disposition pour r\u00e9pondre \u00e0 toute demande concernant notre secteur d&#039;activit\u00e9 via le formulaire de contact ou par t\u00e9l\u00e9phone.\" \/>\n<meta name=\"robots\" content=\"index, follow, max-snippet:-1, max-image-preview:large, max-video-preview:-1\" \/>\n<link rel=\"canonical\" href=\"https:\/\/immobilier-maroc-villart.com\/en\/contact\/\" \/>\n<meta property=\"og:locale\" content=\"en_US\" \/>\n<meta property=\"og:type\" content=\"article\" \/>\n<meta property=\"og:title\" content=\"Contactez-nous ! votre expert immobilier - Acheter \u00e0 Tanger\" \/>\n<meta property=\"og:description\" content=\"Acheter \u00e0 Tanger - VillArt se tient \u00e0 votre disposition pour r\u00e9pondre \u00e0 toute demande concernant notre secteur d&#039;activit\u00e9 via le formulaire de contact ou par t\u00e9l\u00e9phone.\" \/>\n<meta property=\"og:url\" content=\"https:\/\/immobilier-maroc-villart.com\/en\/contact\/\" \/>\n<meta property=\"og:site_name\" content=\"Villart\" \/>\n<meta property=\"article:modified_time\" content=\"2019-10-01T09:17:52+00:00\" \/>\n<meta name=\"twitter:card\" content=\"summary\" \/>\n<meta name=\"twitter:label1\" content=\"Est. reading time\">\n\t<meta name=\"twitter:data1\" content=\"0 minutes\">\n<script type=\"application\/ld+json\" class=\"yoast-schema-graph\">{\"@context\":\"https:\/\/schema.org\",\"@graph\":[{\"@type\":\"WebSite\",\"@id\":\"https:\/\/immobilier-maroc-villart.com\/#website\",\"url\":\"https:\/\/immobilier-maroc-villart.com\/\",\"name\":\"Villart\",\"description\":\"Un site utilisant WordPress\",\"potentialAction\":[{\"@type\":\"SearchAction\",\"target\":\"https:\/\/immobilier-maroc-villart.com\/?s={search_term_string}\",\"query-input\":\"required name=search_term_string\"}],\"inLanguage\":\"en-US\"},{\"@type\":\"WebPage\",\"@id\":\"https:\/\/immobilier-maroc-villart.com\/en\/contact\/#webpage\",\"url\":\"https:\/\/immobilier-maroc-villart.com\/en\/contact\/\",\"name\":\"Contactez-nous ! votre expert immobilier - Acheter \\u00e0 Tanger\",\"isPartOf\":{\"@id\":\"https:\/\/immobilier-maroc-villart.com\/#website\"},\"datePublished\":\"2016-12-12T17:03:10+00:00\",\"dateModified\":\"2019-10-01T09:17:52+00:00\",\"description\":\"Acheter \\u00e0 Tanger - VillArt se tient \\u00e0 votre disposition pour r\\u00e9pondre \\u00e0 toute demande concernant notre secteur d'activit\\u00e9 via le formulaire de contact ou par t\\u00e9l\\u00e9phone.\",\"inLanguage\":\"en-US\",\"potentialAction\":[{\"@type\":\"ReadAction\",\"target\":[\"https:\/\/immobilier-maroc-villart.com\/en\/contact\/\"]}]}]}<\/script>\n<!-- \/ Yoast SEO plugin. -->","_links":{"self":[{"href":"https:\/\/immobilier-maroc-villart.com\/en\/wp-json\/wp\/v2\/pages\/7027"}],"collection":[{"href":"https:\/\/immobilier-maroc-villart.com\/en\/wp-json\/wp\/v2\/pages"}],"about":[{"href":"https:\/\/immobilier-maroc-villart.com\/en\/wp-json\/wp\/v2\/types\/page"}],"author":[{"embeddable":true,"href":"https:\/\/immobilier-maroc-villart.com\/en\/wp-json\/wp\/v2\/users\/12"}],"replies":[{"embeddable":true,"href":"https:\/\/immobilier-maroc-villart.com\/en\/wp-json\/wp\/v2\/comments?post=7027"}],"version-history":[{"count":3,"href":"https:\/\/immobilier-maroc-villart.com\/en\/wp-json\/wp\/v2\/pages\/7027\/revisions"}],"predecessor-version":[{"id":32123,"href":"https:\/\/immobilier-maroc-villart.com\/en\/wp-json\/wp\/v2\/pages\/7027\/revisions\/32123"}],"wp:attachment":[{"href":"https:\/\/immobilier-maroc-villart.com\/en\/wp-json\/wp\/v2\/media?parent=7027"}],"curies":[{"name":"wp","href":"https:\/\/api.w.org\/{rel}","templated":true}]}}